{"id":1447,"date":"2022-10-05T09:35:34","date_gmt":"2022-10-05T08:35:34","guid":{"rendered":"https:\/\/almadoki.com\/?product=iphone-7-plus-beszedhangszoro-csere"},"modified":"2022-10-05T09:35:34","modified_gmt":"2022-10-05T08:35:34","slug":"iphone-7-plus-beszedhangszoro-csere","status":"publish","type":"product","link":"https:\/\/almadoki.com\/?product=iphone-7-plus-beszedhangszoro-csere","title":{"rendered":"iPhone 7 Plus besz\u00e9dhangsz\u00f3r\u00f3 csere"},"content":{"rendered":"","protected":false},"excerpt":{"rendered":"","protected":false},"featured_media":0,"template":"","meta":{"_et_pb_use_builder":"","_et_pb_old_content":"","_et_gb_content_width":""},"product_cat":[67],"product_tag":[],"class_list":{"0":"post-1447","1":"product","2":"type-product","3":"status-publish","5":"product_cat-iphone-7-plus","7":"first","8":"instock","9":"shipping-taxable","10":"purchasable","11":"product-type-simple","12":"berocket_lgv_grid","13":"berocket_lgv_list_grid"},"_links":{"self":[{"href":"https:\/\/almadoki.com\/index.php?rest_route=\/wp\/v2\/product\/1447","targetHints":{"allow":["GET"]}}],"collection":[{"href":"https:\/\/almadoki.com\/index.php?rest_route=\/wp\/v2\/product"}],"about":[{"href":"https:\/\/almadoki.com\/index.php?rest_route=\/wp\/v2\/types\/product"}],"wp:attachment":[{"href":"https:\/\/almadoki.com\/index.php?rest_route=%2Fwp%2Fv2%2Fmedia&parent=1447"}],"wp:term":[{"taxonomy":"product_cat","embeddable":true,"href":"https:\/\/almadoki.com\/index.php?rest_route=%2Fwp%2Fv2%2Fproduct_cat&post=1447"},{"taxonomy":"product_tag","embeddable":true,"href":"https:\/\/almadoki.com\/index.php?rest_route=%2Fwp%2Fv2%2Fproduct_tag&post=1447"}],"curies":[{"name":"wp","href":"https:\/\/api.w.org\/{rel}","templated":true}]}}