{"id":57,"date":"2022-03-20T18:13:59","date_gmt":"2022-03-20T17:13:59","guid":{"rendered":"https:\/\/almadoki.com\/?page_id=57"},"modified":"2022-07-10T16:46:11","modified_gmt":"2022-07-10T15:46:11","slug":"szerviz","status":"publish","type":"page","link":"https:\/\/almadoki.com\/?page_id=57","title":{"rendered":"Szerv\u00edz"},"content":{"rendered":"<p>[et_pb_section fb_built=&#8221;1&#8243; _builder_version=&#8221;4.17.4&#8243; _module_preset=&#8221;default&#8221; background_image=&#8221;https:\/\/almadoki.com\/wp-content\/uploads\/2022\/07\/290329736_578050693852227_1938705077980869048_n.jpg&#8221; global_colors_info=&#8221;{}&#8221;][et_pb_row _builder_version=&#8221;4.17.4&#8243; _module_preset=&#8221;default&#8221; global_colors_info=&#8221;{}&#8221;][et_pb_column type=&#8221;4_4&#8243; _builder_version=&#8221;4.17.4&#8243; _module_preset=&#8221;default&#8221; global_colors_info=&#8221;{}&#8221;][et_pb_text _builder_version=&#8221;4.17.4&#8243; _module_preset=&#8221;default&#8221; background_enable_image=&#8221;off&#8221; background_size=&#8221;stretch&#8221; global_colors_info=&#8221;{}&#8221;]<\/p>\n<h1 style=\"text-align: center;\"><span style=\"color: #ffffff;\">Szerv\u00edz<\/span><\/h1>\n<p style=\"text-align: center;\"><span style=\"color: #ffffff;\">Aktu\u00e1lis szerv\u00edz \u00e1raink\u00a0\u00a0<\/span><\/p>\n<p>[\/et_pb_text][\/et_pb_column][\/et_pb_row][\/et_pb_section][et_pb_section fb_built=&#8221;1&#8243; _builder_version=&#8221;4.17.4&#8243; _module_preset=&#8221;default&#8221; global_colors_info=&#8221;{}&#8221;][et_pb_row _builder_version=&#8221;4.17.4&#8243; _module_preset=&#8221;default&#8221; global_colors_info=&#8221;{}&#8221;][et_pb_column type=&#8221;4_4&#8243; _builder_version=&#8221;4.17.4&#8243; _module_preset=&#8221;default&#8221; global_colors_info=&#8221;{}&#8221;][et_pb_code _builder_version=&#8221;4.17.4&#8243; _module_preset=&#8221;default&#8221; hover_enabled=&#8221;0&#8243; global_colors_info=&#8221;{}&#8221; sticky_enabled=&#8221;0&#8243;]<div class=\"woocommerce columns-4\"><ul class=\"products columns-4\">\n<li class=\"product-category product first\">\n\t<a href=\"https:\/\/almadoki.com\/?product_cat=iphone-11\"><img decoding=\"async\" src=\"https:\/\/almadoki.com\/wp-content\/uploads\/2022\/07\/compare_iphone11_green__blb8e7yliob6_large_2x-300x410.jpg\" alt=\"iPhone 11\" width=\"300\" height=\"\" \/>\t\t<h2 class=\"woocommerce-loop-category__title\">\n\t\t\tiPhone 11 <mark class=\"count\">(13)<\/mark>\t\t<\/h2>\n\t\t<\/a><\/li>\n<li class=\"product-category product\">\n\t<a href=\"https:\/\/almadoki.com\/?product_cat=iphone-11-pro\"><img decoding=\"async\" src=\"https:\/\/almadoki.com\/wp-content\/uploads\/2022\/07\/compare_iphone11_pro_gold__cd1i8hyuo536_large_2x-300x401.jpg\" alt=\"iPhone 11 Pro\" width=\"300\" height=\"\" \/>\t\t<h2 class=\"woocommerce-loop-category__title\">\n\t\t\tiPhone 11 Pro <mark class=\"count\">(13)<\/mark>\t\t<\/h2>\n\t\t<\/a><\/li>\n<li class=\"product-category product\">\n\t<a href=\"https:\/\/almadoki.com\/?product_cat=iphone-11-pro-max\"><img decoding=\"async\" src=\"https:\/\/almadoki.com\/wp-content\/uploads\/2022\/07\/compare_iphone11_pro_max_silver__gfwzhbtisieu_large_2x-300x413.jpg\" alt=\"iPhone 11 Pro MAX\" width=\"300\" height=\"\" \/>\t\t<h2 class=\"woocommerce-loop-category__title\">\n\t\t\tiPhone 11 Pro MAX <mark class=\"count\">(12)<\/mark>\t\t<\/h2>\n\t\t<\/a><\/li>\n<li class=\"product-category product last\">\n\t<a href=\"https:\/\/almadoki.com\/?product_cat=iphone-12-12-pro\"><img decoding=\"async\" src=\"https:\/\/almadoki.com\/wp-content\/uploads\/2022\/07\/compare_iphone12_pro_graphite__ewddex5gv78m_large_2x-300x406.jpg\" alt=\"iPhone 12 \/ 12 Pro\" width=\"300\" height=\"\" \/>\t\t<h2 class=\"woocommerce-loop-category__title\">\n\t\t\tiPhone 12 \/ 12 Pro <mark class=\"count\">(6)<\/mark>\t\t<\/h2>\n\t\t<\/a><\/li>\n<li class=\"product-category product first\">\n\t<a href=\"https:\/\/almadoki.com\/?product_cat=iphone-12-mini\"><img decoding=\"async\" src=\"https:\/\/almadoki.com\/wp-content\/uploads\/2022\/07\/compare_iphone12_mini_blue__bkrprbgvlsc2_large_2x-300x407.jpg\" alt=\"iPhone 12 mini\" width=\"300\" height=\"\" \/>\t\t<h2 class=\"woocommerce-loop-category__title\">\n\t\t\tiPhone 12 mini <mark class=\"count\">(6)<\/mark>\t\t<\/h2>\n\t\t<\/a><\/li>\n<li class=\"product-category product\">\n\t<a href=\"https:\/\/almadoki.com\/?product_cat=iphone-12-pro-max\"><img decoding=\"async\" src=\"https:\/\/almadoki.com\/wp-content\/uploads\/2022\/07\/compare_iphone12_pro_max_pacific_blue__jtoy0mipm1im_large_2x-300x406.jpg\" alt=\"iPhone 12 Pro MAX\" width=\"300\" height=\"\" \/>\t\t<h2 class=\"woocommerce-loop-category__title\">\n\t\t\tiPhone 12 Pro MAX <mark class=\"count\">(6)<\/mark>\t\t<\/h2>\n\t\t<\/a><\/li>\n<li class=\"product-category product\">\n\t<a href=\"https:\/\/almadoki.com\/?product_cat=iphone-13-13-pro\"><img decoding=\"async\" src=\"https:\/\/almadoki.com\/wp-content\/uploads\/2022\/07\/compare_iphone13_pro_alpine_green__bqdcgsd0goeu_large_2x-300x382.jpg\" alt=\"iPhone 13 \/ 13 Pro\" width=\"300\" height=\"\" \/>\t\t<h2 class=\"woocommerce-loop-category__title\">\n\t\t\tiPhone 13 \/ 13 Pro <mark class=\"count\">(5)<\/mark>\t\t<\/h2>\n\t\t<\/a><\/li>\n<li class=\"product-category product last\">\n\t<a href=\"https:\/\/almadoki.com\/?product_cat=iphone-13-mini\"><img decoding=\"async\" src=\"https:\/\/almadoki.com\/wp-content\/uploads\/2022\/07\/compare_iphone13_mini_product_red__dgavgor9pok2_large_2x-300x400.jpg\" alt=\"iPhone 13 mini\" width=\"300\" height=\"\" \/>\t\t<h2 class=\"woocommerce-loop-category__title\">\n\t\t\tiPhone 13 mini <mark class=\"count\">(5)<\/mark>\t\t<\/h2>\n\t\t<\/a><\/li>\n<li class=\"product-category product first\">\n\t<a href=\"https:\/\/almadoki.com\/?product_cat=iphone-13-pro-max\"><img decoding=\"async\" src=\"https:\/\/almadoki.com\/wp-content\/uploads\/2022\/07\/compare_iphone13_pro_max_alpine_green__bk6vse7s3w9y_large_2x-300x399.jpg\" alt=\"iPhone 13 Pro MAX\" width=\"300\" height=\"\" \/>\t\t<h2 class=\"woocommerce-loop-category__title\">\n\t\t\tiPhone 13 Pro MAX <mark class=\"count\">(5)<\/mark>\t\t<\/h2>\n\t\t<\/a><\/li>\n<li class=\"product-category product\">\n\t<a href=\"https:\/\/almadoki.com\/?product_cat=iphone-7\"><img decoding=\"async\" src=\"https:\/\/almadoki.com\/wp-content\/uploads\/2022\/07\/compare_iphone7_gold__w9keq5l3wwym_large_2x-300x483.jpg\" alt=\"iPhone 7\" width=\"300\" height=\"\" srcset=\"https:\/\/almadoki.com\/wp-content\/uploads\/2022\/07\/compare_iphone7_gold__w9keq5l3wwym_large_2x-300x483.jpg 300w, https:\/\/almadoki.com\/wp-content\/uploads\/2022\/07\/compare_iphone7_gold__w9keq5l3wwym_large_2x-186x300.jpg 186w, https:\/\/almadoki.com\/wp-content\/uploads\/2022\/07\/compare_iphone7_gold__w9keq5l3wwym_large_2x.jpg 450w\" sizes=\"(max-width: 300px) 100vw, 300px\" \/>\t\t<h2 class=\"woocommerce-loop-category__title\">\n\t\t\tiPhone 7 <mark class=\"count\">(13)<\/mark>\t\t<\/h2>\n\t\t<\/a><\/li>\n<li class=\"product-category product\">\n\t<a href=\"https:\/\/almadoki.com\/?product_cat=iphone-7-plus\"><img decoding=\"async\" src=\"https:\/\/almadoki.com\/wp-content\/uploads\/2022\/07\/compare_iphone7plus_silver__fc1b6lzdhoey_large_2x-300x480.jpg\" alt=\"iPhone 7 Plus\" width=\"300\" height=\"\" \/>\t\t<h2 class=\"woocommerce-loop-category__title\">\n\t\t\tiPhone 7 Plus <mark class=\"count\">(14)<\/mark>\t\t<\/h2>\n\t\t<\/a><\/li>\n<li class=\"product-category product last\">\n\t<a href=\"https:\/\/almadoki.com\/?product_cat=iphone-8\"><img decoding=\"async\" src=\"https:\/\/almadoki.com\/wp-content\/uploads\/2022\/07\/compare_iphone8_gold__bcmk1k4jdsg2_large_2x-300x483.jpg\" alt=\"iPhone 8\" width=\"300\" height=\"\" srcset=\"https:\/\/almadoki.com\/wp-content\/uploads\/2022\/07\/compare_iphone8_gold__bcmk1k4jdsg2_large_2x-300x483.jpg 300w, https:\/\/almadoki.com\/wp-content\/uploads\/2022\/07\/compare_iphone8_gold__bcmk1k4jdsg2_large_2x-186x300.jpg 186w, https:\/\/almadoki.com\/wp-content\/uploads\/2022\/07\/compare_iphone8_gold__bcmk1k4jdsg2_large_2x.jpg 450w\" sizes=\"(max-width: 300px) 100vw, 300px\" \/>\t\t<h2 class=\"woocommerce-loop-category__title\">\n\t\t\tiPhone 8 <mark class=\"count\">(13)<\/mark>\t\t<\/h2>\n\t\t<\/a><\/li>\n<li class=\"product-category product first\">\n\t<a href=\"https:\/\/almadoki.com\/?product_cat=iphone-8-se-2020\"><img decoding=\"async\" src=\"https:\/\/almadoki.com\/wp-content\/uploads\/2022\/07\/compare_iphone8_gold__bcmk1k4jdsg2_large_2x-300x483.jpg\" alt=\"iPhone 8 \/ SE 2020\" width=\"300\" height=\"\" srcset=\"https:\/\/almadoki.com\/wp-content\/uploads\/2022\/07\/compare_iphone8_gold__bcmk1k4jdsg2_large_2x-300x483.jpg 300w, https:\/\/almadoki.com\/wp-content\/uploads\/2022\/07\/compare_iphone8_gold__bcmk1k4jdsg2_large_2x-186x300.jpg 186w, https:\/\/almadoki.com\/wp-content\/uploads\/2022\/07\/compare_iphone8_gold__bcmk1k4jdsg2_large_2x.jpg 450w\" sizes=\"(max-width: 300px) 100vw, 300px\" \/>\t\t<h2 class=\"woocommerce-loop-category__title\">\n\t\t\tiPhone 8 \/ SE 2020 <mark class=\"count\">(13)<\/mark>\t\t<\/h2>\n\t\t<\/a><\/li>\n<li class=\"product-category product\">\n\t<a href=\"https:\/\/almadoki.com\/?product_cat=iphone-8-plus\"><img decoding=\"async\" src=\"https:\/\/almadoki.com\/wp-content\/uploads\/2022\/07\/compare_iphone8plus_silver__10t8efahmmay_large_2x-300x480.jpg\" alt=\"iPhone 8 Plus\" width=\"300\" height=\"\" \/>\t\t<h2 class=\"woocommerce-loop-category__title\">\n\t\t\tiPhone 8 Plus <mark class=\"count\">(14)<\/mark>\t\t<\/h2>\n\t\t<\/a><\/li>\n<li class=\"product-category product\">\n\t<a href=\"https:\/\/almadoki.com\/?product_cat=iphone-x\"><img decoding=\"async\" src=\"https:\/\/almadoki.com\/wp-content\/uploads\/2022\/07\/compare_iphoneX_silver__dqtkmgw4wvau_large_2x-300x431.jpg\" alt=\"iPhone X\" width=\"300\" height=\"\" \/>\t\t<h2 class=\"woocommerce-loop-category__title\">\n\t\t\tiPhone X <mark class=\"count\">(14)<\/mark>\t\t<\/h2>\n\t\t<\/a><\/li>\n<li class=\"product-category product last\">\n\t<a href=\"https:\/\/almadoki.com\/?product_cat=iphone-xr\"><img decoding=\"async\" src=\"https:\/\/almadoki.com\/wp-content\/uploads\/2022\/07\/compare_iphoneXR_coral__krdmj8gzuluq_large_2x-300x458.jpg\" alt=\"iPhone XR\" width=\"300\" height=\"\" \/>\t\t<h2 class=\"woocommerce-loop-category__title\">\n\t\t\tiPhone XR <mark class=\"count\">(13)<\/mark>\t\t<\/h2>\n\t\t<\/a><\/li>\n<li class=\"product-category product first\">\n\t<a href=\"https:\/\/almadoki.com\/?product_cat=iphone-xs\"><img decoding=\"async\" src=\"https:\/\/almadoki.com\/wp-content\/uploads\/2022\/07\/compare_iphoneXS_gold__gma7jbcbm56q_large_2x-300x449.jpg\" alt=\"iPhone XS\" width=\"300\" height=\"\" \/>\t\t<h2 class=\"woocommerce-loop-category__title\">\n\t\t\tiPhone XS <mark class=\"count\">(13)<\/mark>\t\t<\/h2>\n\t\t<\/a><\/li>\n<li class=\"product-category product\">\n\t<a href=\"https:\/\/almadoki.com\/?product_cat=iphone-xs-max\"><img decoding=\"async\" src=\"https:\/\/almadoki.com\/wp-content\/uploads\/2022\/07\/compare_iphoneXSmax_spacegray__digg7iy1lvu6_large_2x-300x462.jpg\" alt=\"iPhone XS MAX\" width=\"300\" height=\"\" \/>\t\t<h2 class=\"woocommerce-loop-category__title\">\n\t\t\tiPhone XS MAX <mark class=\"count\">(13)<\/mark>\t\t<\/h2>\n\t\t<\/a><\/li>\n<\/ul>\n<\/div>[\/et_pb_code][\/et_pb_column][\/et_pb_row][et_pb_row _builder_version=&#8221;4.17.4&#8243; _module_preset=&#8221;default&#8221;][et_pb_column _builder_version=&#8221;4.17.4&#8243; _module_preset=&#8221;default&#8221; type=&#8221;4_4&#8243;][\/et_pb_column][\/et_pb_row][\/et_pb_section]<\/p>\n","protected":false},"excerpt":{"rendered":"<p>Szerv\u00edz Aktu\u00e1lis szerv\u00edz \u00e1raink\u00a0\u00a0<div class=\"woocommerce columns-4\"><ul class=\"products columns-4\">\n<li class=\"product-category product first\">\n\t<a href=\"https:\/\/almadoki.com\/?product_cat=iphone-11\"><img decoding=\"async\" src=\"https:\/\/almadoki.com\/wp-content\/uploads\/2022\/07\/compare_iphone11_green__blb8e7yliob6_large_2x-300x410.jpg\" alt=\"iPhone 11\" width=\"300\" height=\"\" \/>\t\t<h2 class=\"woocommerce-loop-category__title\">\n\t\t\tiPhone 11 <mark class=\"count\">(13)<\/mark>\t\t<\/h2>\n\t\t<\/a><\/li>\n<li class=\"product-category product\">\n\t<a href=\"https:\/\/almadoki.com\/?product_cat=iphone-11-pro\"><img decoding=\"async\" src=\"https:\/\/almadoki.com\/wp-content\/uploads\/2022\/07\/compare_iphone11_pro_gold__cd1i8hyuo536_large_2x-300x401.jpg\" alt=\"iPhone 11 Pro\" width=\"300\" height=\"\" \/>\t\t<h2 class=\"woocommerce-loop-category__title\">\n\t\t\tiPhone 11 Pro <mark class=\"count\">(13)<\/mark>\t\t<\/h2>\n\t\t<\/a><\/li>\n<li class=\"product-category product\">\n\t<a href=\"https:\/\/almadoki.com\/?product_cat=iphone-11-pro-max\"><img decoding=\"async\" src=\"https:\/\/almadoki.com\/wp-content\/uploads\/2022\/07\/compare_iphone11_pro_max_silver__gfwzhbtisieu_large_2x-300x413.jpg\" alt=\"iPhone 11 Pro MAX\" width=\"300\" height=\"\" \/>\t\t<h2 class=\"woocommerce-loop-category__title\">\n\t\t\tiPhone 11 Pro MAX <mark class=\"count\">(12)<\/mark>\t\t<\/h2>\n\t\t<\/a><\/li>\n<li class=\"product-category product last\">\n\t<a href=\"https:\/\/almadoki.com\/?product_cat=iphone-12-12-pro\"><img decoding=\"async\" src=\"https:\/\/almadoki.com\/wp-content\/uploads\/2022\/07\/compare_iphone12_pro_graphite__ewddex5gv78m_large_2x-300x406.jpg\" alt=\"iPhone 12 \/ 12 Pro\" width=\"300\" height=\"\" \/>\t\t<h2 class=\"woocommerce-loop-category__title\">\n\t\t\tiPhone 12 \/ 12 Pro <mark class=\"count\">(6)<\/mark>\t\t<\/h2>\n\t\t<\/a><\/li>\n<li class=\"product-category product first\">\n\t<a href=\"https:\/\/almadoki.com\/?product_cat=iphone-12-mini\"><img decoding=\"async\" src=\"https:\/\/almadoki.com\/wp-content\/uploads\/2022\/07\/compare_iphone12_mini_blue__bkrprbgvlsc2_large_2x-300x407.jpg\" alt=\"iPhone 12 mini\" width=\"300\" height=\"\" \/>\t\t<h2 class=\"woocommerce-loop-category__title\">\n\t\t\tiPhone 12 mini <mark class=\"count\">(6)<\/mark>\t\t<\/h2>\n\t\t<\/a><\/li>\n<li class=\"product-category product\">\n\t<a href=\"https:\/\/almadoki.com\/?product_cat=iphone-12-pro-max\"><img decoding=\"async\" src=\"https:\/\/almadoki.com\/wp-content\/uploads\/2022\/07\/compare_iphone12_pro_max_pacific_blue__jtoy0mipm1im_large_2x-300x406.jpg\" alt=\"iPhone 12 Pro MAX\" width=\"300\" height=\"\" \/>\t\t<h2 class=\"woocommerce-loop-category__title\">\n\t\t\tiPhone 12 Pro MAX <mark class=\"count\">(6)<\/mark>\t\t<\/h2>\n\t\t<\/a><\/li>\n<li class=\"product-category product\">\n\t<a href=\"https:\/\/almadoki.com\/?product_cat=iphone-13-13-pro\"><img decoding=\"async\" src=\"https:\/\/almadoki.com\/wp-content\/uploads\/2022\/07\/compare_iphone13_pro_alpine_green__bqdcgsd0goeu_large_2x-300x382.jpg\" alt=\"iPhone 13 \/ 13 Pro\" width=\"300\" height=\"\" \/>\t\t<h2 class=\"woocommerce-loop-category__title\">\n\t\t\tiPhone 13 \/ 13 Pro <mark class=\"count\">(5)<\/mark>\t\t<\/h2>\n\t\t<\/a><\/li>\n<li class=\"product-category product last\">\n\t<a href=\"https:\/\/almadoki.com\/?product_cat=iphone-13-mini\"><img decoding=\"async\" src=\"https:\/\/almadoki.com\/wp-content\/uploads\/2022\/07\/compare_iphone13_mini_product_red__dgavgor9pok2_large_2x-300x400.jpg\" alt=\"iPhone 13 mini\" width=\"300\" height=\"\" \/>\t\t<h2 class=\"woocommerce-loop-category__title\">\n\t\t\tiPhone 13 mini <mark class=\"count\">(5)<\/mark>\t\t<\/h2>\n\t\t<\/a><\/li>\n<li class=\"product-category product first\">\n\t<a href=\"https:\/\/almadoki.com\/?product_cat=iphone-13-pro-max\"><img decoding=\"async\" src=\"https:\/\/almadoki.com\/wp-content\/uploads\/2022\/07\/compare_iphone13_pro_max_alpine_green__bk6vse7s3w9y_large_2x-300x399.jpg\" alt=\"iPhone 13 Pro MAX\" width=\"300\" height=\"\" \/>\t\t<h2 class=\"woocommerce-loop-category__title\">\n\t\t\tiPhone 13 Pro MAX <mark class=\"count\">(5)<\/mark>\t\t<\/h2>\n\t\t<\/a><\/li>\n<li class=\"product-category product\">\n\t<a href=\"https:\/\/almadoki.com\/?product_cat=iphone-7\"><img decoding=\"async\" src=\"https:\/\/almadoki.com\/wp-content\/uploads\/2022\/07\/compare_iphone7_gold__w9keq5l3wwym_large_2x-300x483.jpg\" alt=\"iPhone 7\" width=\"300\" height=\"\" srcset=\"https:\/\/almadoki.com\/wp-content\/uploads\/2022\/07\/compare_iphone7_gold__w9keq5l3wwym_large_2x-300x483.jpg 300w, https:\/\/almadoki.com\/wp-content\/uploads\/2022\/07\/compare_iphone7_gold__w9keq5l3wwym_large_2x-186x300.jpg 186w, https:\/\/almadoki.com\/wp-content\/uploads\/2022\/07\/compare_iphone7_gold__w9keq5l3wwym_large_2x.jpg 450w\" sizes=\"(max-width: 300px) 100vw, 300px\" \/>\t\t<h2 class=\"woocommerce-loop-category__title\">\n\t\t\tiPhone 7 <mark class=\"count\">(13)<\/mark>\t\t<\/h2>\n\t\t<\/a><\/li>\n<li class=\"product-category product\">\n\t<a href=\"https:\/\/almadoki.com\/?product_cat=iphone-7-plus\"><img decoding=\"async\" src=\"https:\/\/almadoki.com\/wp-content\/uploads\/2022\/07\/compare_iphone7plus_silver__fc1b6lzdhoey_large_2x-300x480.jpg\" alt=\"iPhone 7 Plus\" width=\"300\" height=\"\" \/>\t\t<h2 class=\"woocommerce-loop-category__title\">\n\t\t\tiPhone 7 Plus <mark class=\"count\">(14)<\/mark>\t\t<\/h2>\n\t\t<\/a><\/li>\n<li class=\"product-category product last\">\n\t<a href=\"https:\/\/almadoki.com\/?product_cat=iphone-8\"><img decoding=\"async\" src=\"https:\/\/almadoki.com\/wp-content\/uploads\/2022\/07\/compare_iphone8_gold__bcmk1k4jdsg2_large_2x-300x483.jpg\" alt=\"iPhone 8\" width=\"300\" height=\"\" srcset=\"https:\/\/almadoki.com\/wp-content\/uploads\/2022\/07\/compare_iphone8_gold__bcmk1k4jdsg2_large_2x-300x483.jpg 300w, https:\/\/almadoki.com\/wp-content\/uploads\/2022\/07\/compare_iphone8_gold__bcmk1k4jdsg2_large_2x-186x300.jpg 186w, https:\/\/almadoki.com\/wp-content\/uploads\/2022\/07\/compare_iphone8_gold__bcmk1k4jdsg2_large_2x.jpg 450w\" sizes=\"(max-width: 300px) 100vw, 300px\" \/>\t\t<h2 class=\"woocommerce-loop-category__title\">\n\t\t\tiPhone 8 <mark class=\"count\">(13)<\/mark>\t\t<\/h2>\n\t\t<\/a><\/li>\n<li class=\"product-category product first\">\n\t<a href=\"https:\/\/almadoki.com\/?product_cat=iphone-8-se-2020\"><img decoding=\"async\" src=\"https:\/\/almadoki.com\/wp-content\/uploads\/2022\/07\/compare_iphone8_gold__bcmk1k4jdsg2_large_2x-300x483.jpg\" alt=\"iPhone 8 \/ SE 2020\" width=\"300\" height=\"\" srcset=\"https:\/\/almadoki.com\/wp-content\/uploads\/2022\/07\/compare_iphone8_gold__bcmk1k4jdsg2_large_2x-300x483.jpg 300w, https:\/\/almadoki.com\/wp-content\/uploads\/2022\/07\/compare_iphone8_gold__bcmk1k4jdsg2_large_2x-186x300.jpg 186w, https:\/\/almadoki.com\/wp-content\/uploads\/2022\/07\/compare_iphone8_gold__bcmk1k4jdsg2_large_2x.jpg 450w\" sizes=\"(max-width: 300px) 100vw, 300px\" \/>\t\t<h2 class=\"woocommerce-loop-category__title\">\n\t\t\tiPhone 8 \/ SE 2020 <mark class=\"count\">(13)<\/mark>\t\t<\/h2>\n\t\t<\/a><\/li>\n<li class=\"product-category product\">\n\t<a href=\"https:\/\/almadoki.com\/?product_cat=iphone-8-plus\"><img decoding=\"async\" src=\"https:\/\/almadoki.com\/wp-content\/uploads\/2022\/07\/compare_iphone8plus_silver__10t8efahmmay_large_2x-300x480.jpg\" alt=\"iPhone 8 Plus\" width=\"300\" height=\"\" \/>\t\t<h2 class=\"woocommerce-loop-category__title\">\n\t\t\tiPhone 8 Plus <mark class=\"count\">(14)<\/mark>\t\t<\/h2>\n\t\t<\/a><\/li>\n<li class=\"product-category product\">\n\t<a href=\"https:\/\/almadoki.com\/?product_cat=iphone-x\"><img decoding=\"async\" src=\"https:\/\/almadoki.com\/wp-content\/uploads\/2022\/07\/compare_iphoneX_silver__dqtkmgw4wvau_large_2x-300x431.jpg\" alt=\"iPhone X\" width=\"300\" height=\"\" \/>\t\t<h2 class=\"woocommerce-loop-category__title\">\n\t\t\tiPhone X <mark class=\"count\">(14)<\/mark>\t\t<\/h2>\n\t\t<\/a><\/li>\n<li class=\"product-category product last\">\n\t<a href=\"https:\/\/almadoki.com\/?product_cat=iphone-xr\"><img decoding=\"async\" src=\"https:\/\/almadoki.com\/wp-content\/uploads\/2022\/07\/compare_iphoneXR_coral__krdmj8gzuluq_large_2x-300x458.jpg\" alt=\"iPhone XR\" width=\"300\" height=\"\" \/>\t\t<h2 class=\"woocommerce-loop-category__title\">\n\t\t\tiPhone XR <mark class=\"count\">(13)<\/mark>\t\t<\/h2>\n\t\t<\/a><\/li>\n<li class=\"product-category product first\">\n\t<a href=\"https:\/\/almadoki.com\/?product_cat=iphone-xs\"><img decoding=\"async\" src=\"https:\/\/almadoki.com\/wp-content\/uploads\/2022\/07\/compare_iphoneXS_gold__gma7jbcbm56q_large_2x-300x449.jpg\" alt=\"iPhone XS\" width=\"300\" height=\"\" \/>\t\t<h2 class=\"woocommerce-loop-category__title\">\n\t\t\tiPhone XS <mark class=\"count\">(13)<\/mark>\t\t<\/h2>\n\t\t<\/a><\/li>\n<li class=\"product-category product\">\n\t<a href=\"https:\/\/almadoki.com\/?product_cat=iphone-xs-max\"><img decoding=\"async\" src=\"https:\/\/almadoki.com\/wp-content\/uploads\/2022\/07\/compare_iphoneXSmax_spacegray__digg7iy1lvu6_large_2x-300x462.jpg\" alt=\"iPhone XS MAX\" width=\"300\" height=\"\" \/>\t\t<h2 class=\"woocommerce-loop-category__title\">\n\t\t\tiPhone XS MAX <mark class=\"count\">(13)<\/mark>\t\t<\/h2>\n\t\t<\/a><\/li>\n<\/ul>\n<\/div><\/p>\n","protected":false},"author":1,"featured_media":0,"parent":0,"menu_order":0,"comment_status":"closed","ping_status":"closed","template":"","meta":{"_et_pb_use_builder":"on","_et_pb_old_content":"","_et_gb_content_width":"","footnotes":""},"class_list":["post-57","page","type-page","status-publish","hentry"],"_links":{"self":[{"href":"https:\/\/almadoki.com\/index.php?rest_route=\/wp\/v2\/pages\/57","targetHints":{"allow":["GET"]}}],"collection":[{"href":"https:\/\/almadoki.com\/index.php?rest_route=\/wp\/v2\/pages"}],"about":[{"href":"https:\/\/almadoki.com\/index.php?rest_route=\/wp\/v2\/types\/page"}],"author":[{"embeddable":true,"href":"https:\/\/almadoki.com\/index.php?rest_route=\/wp\/v2\/users\/1"}],"replies":[{"embeddable":true,"href":"https:\/\/almadoki.com\/index.php?rest_route=%2Fwp%2Fv2%2Fcomments&post=57"}],"version-history":[{"count":7,"href":"https:\/\/almadoki.com\/index.php?rest_route=\/wp\/v2\/pages\/57\/revisions"}],"predecessor-version":[{"id":935,"href":"https:\/\/almadoki.com\/index.php?rest_route=\/wp\/v2\/pages\/57\/revisions\/935"}],"wp:attachment":[{"href":"https:\/\/almadoki.com\/index.php?rest_route=%2Fwp%2Fv2%2Fmedia&parent=57"}],"curies":[{"name":"wp","href":"https:\/\/api.w.org\/{rel}","templated":true}]}}